{"id":1898,"date":"2025-11-30T16:45:52","date_gmt":"2025-11-30T16:45:52","guid":{"rendered":"https:\/\/billetterie.apege.dev.sugaweb.com\/?post_type=product&#038;p=1898"},"modified":"2025-12-02T17:02:12","modified_gmt":"2025-12-02T17:02:12","slug":"conference-illustree-lac-baikal-perle-de-siberie-donnee-par-nicolas-pernot-lundi-26-janvier-2026-de-15h-a-17h-maison-dufour-geneve-champel","status":"publish","type":"product","link":"https:\/\/billetterie.apege.dev.sugaweb.com\/index.php\/produit\/conference-illustree-lac-baikal-perle-de-siberie-donnee-par-nicolas-pernot-lundi-26-janvier-2026-de-15h-a-17h-maison-dufour-geneve-champel\/","title":{"rendered":"Conf\u00e9rence illustr\u00e9e  Lac Ba\u00efkal &#8211; Perle de Sib\u00e9rie donn\u00e9e par Nicolas Pernot &#8211; Lundi, 26 janvier 2026 de 15h \u00e0 17h Maison Dufour, Gen\u00e8ve-Champel"},"content":{"rendered":"<p>Apr\u00e8s ses conf\u00e9rences sur la G\u00e9orgie en 2023 et l\u2019Arm\u00e9nie en 2024 qui ont rencontr\u00e9 un grand succ\u00e8s, Nicolas Pernot nous fait aujourd\u2019hui d\u00e9couvrir le lac Ba\u00eekal, la perle de la Sib\u00e9rie. Pendant trois ans Nicolas Pernot a habit\u00e9 sur une \u00eele au beau milieu du Lac Ba\u00efkal, le plus ancien, le plus volumineux et le plus profond lac du monde. Recouvert en hiver d\u2019une \u00e9paisse couche de glace aux formes surprenantes, c\u2019est un lieu de pure beaut\u00e9, la nature y est sauvage et grandiose, sacr\u00e9e des chamanes bouriates.<\/p>\n<p>&nbsp;<\/p>\n<p>Nous avons le plaisir de vous convier \u00e0 un caf\u00e9-conf\u00e9rence anim\u00e9 par Nicolas Pernot qui se d\u00e9roulera le 26 janvier 2026 \u00e0 15h \u00e0 la maison Dufour, 9A Rue de Contamines 1206 Gen\u00e8ve-Champel.<\/p>\n<p><strong>Moyen de transport :<\/strong> Bus TPG : Arr\u00eat Contamines 1,5,8,20 ;<br \/>\nParking voitures : Villereuse ou evtl. Lombard<\/p>\n<p><strong>Au programme :<\/strong><\/p>\n<p>Pr\u00e9sentation du film sur le lac Ba\u00efkal<br \/>\nDiscussion-d\u00e9bat suivie du verre d\u2019amiti\u00e9<\/p>\n<p><strong>Contribution :<\/strong> CHF 10.- pour un membre de l\u2019APEGE et pour un.e ami.e, ou un.e proche non-membre de l\u2019APEGE.<\/p>\n<p>&nbsp;<\/p>\n<p><strong>Nombre de participants :<\/strong> 40 max.<\/p>\n<p>&nbsp;<\/p>\n<p><strong>Inscription et paiement :<\/strong><br \/>\nL\u2019inscription et le paiement par carte de cr\u00e9dit (Visa et MasterCard) se feront uniquement sur le site apege.ch\/culture (sous billetterie en ligne : activit\u00e9s et \u00e9v\u00e8nement). Les inscriptions seront prises en compte par ordre d\u2019arriv\u00e9e et valid\u00e9es apr\u00e8s paiement par carte de cr\u00e9dit. En cas de surnombre, une liste d\u2019attente sera \u00e9tablie.<\/p>\n<p>&nbsp;<\/p>\n<p><strong>La date limite pour vous inscrire<\/strong> est fix\u00e9e au<strong> 10 d\u00e9cembre 2025<\/strong>. Si vous ne pouvez pas \u00eatre pr\u00e9sent le jour de la conf\u00e9rence, nous vous prions d\u2019envoyer un mail \u00e0 inscription@apege.ch afin que nous puissions lib\u00e9rer une place pour une personne sur la liste d\u2019attente.<\/p>\n<p>&nbsp;<\/p>\n<p>En m\u2019inscrivant, je confirme avoir pris connaissance des conditions g\u00e9n\u00e9rales de participation et \u00eatre en accord avec celles-ci. (<a href=\"https:\/\/apege.ch\/\">www.apege.ch<\/a>)<\/p>\n<p>Pour imprimer cette activit\u00e9 : <a href=\"https:\/\/billetterie.apege.dev.sugaweb.com\/wp-content\/uploads\/2025\/06\/Flyer-lac-Baikal.pdf\">Cliquez ici<\/a>.<\/p>\n","protected":false},"excerpt":{"rendered":"<p>Apr\u00e8s ses conf\u00e9rences sur la G\u00e9orgie en 2023 et l\u2019Arm\u00e9nie en 2024 qui ont rencontr\u00e9 un grand succ\u00e8s, Nicolas Pernot nous fait aujourd\u2019hui d\u00e9couvrir le lac Ba\u00eekal, la perle de la Sib\u00e9rie. Pendant trois ans Nicolas Pernot a habit\u00e9 sur&hellip;<\/p>\n","protected":false},"featured_media":1899,"template":"","meta":[],"product_brand":[],"product_cat":[21],"product_tag":[],"class_list":{"0":"post-1898","1":"product","2":"type-product","3":"status-publish","4":"has-post-thumbnail","6":"product_cat-sorties-et-excursions","7":"product_shipping_class-gratuit","8":"entry","9":"has-media","11":"first","12":"instock","13":"shipping-taxable","14":"purchasable","15":"product-type-simple","16":"col","17":"wpex-woo-entry","18":"span_1_of_4"},"_links":{"self":[{"href":"https:\/\/billetterie.apege.dev.sugaweb.com\/index.php\/wp-json\/wp\/v2\/product\/1898","targetHints":{"allow":["GET"]}}],"collection":[{"href":"https:\/\/billetterie.apege.dev.sugaweb.com\/index.php\/wp-json\/wp\/v2\/product"}],"about":[{"href":"https:\/\/billetterie.apege.dev.sugaweb.com\/index.php\/wp-json\/wp\/v2\/types\/product"}],"wp:featuredmedia":[{"embeddable":true,"href":"https:\/\/billetterie.apege.dev.sugaweb.com\/index.php\/wp-json\/wp\/v2\/media\/1899"}],"wp:attachment":[{"href":"https:\/\/billetterie.apege.dev.sugaweb.com\/index.php\/wp-json\/wp\/v2\/media?parent=1898"}],"wp:term":[{"taxonomy":"product_brand","embeddable":true,"href":"https:\/\/billetterie.apege.dev.sugaweb.com\/index.php\/wp-json\/wp\/v2\/product_brand?post=1898"},{"taxonomy":"product_cat","embeddable":true,"href":"https:\/\/billetterie.apege.dev.sugaweb.com\/index.php\/wp-json\/wp\/v2\/product_cat?post=1898"},{"taxonomy":"product_tag","embeddable":true,"href":"https:\/\/billetterie.apege.dev.sugaweb.com\/index.php\/wp-json\/wp\/v2\/product_tag?post=1898"}],"curies":[{"name":"wp","href":"https:\/\/api.w.org\/{rel}","templated":true}]}}