{"id":2053,"date":"2025-11-29T22:18:03","date_gmt":"2025-11-29T22:18:03","guid":{"rendered":"https:\/\/billetterie.apege.dev.sugaweb.com\/?post_type=product&#038;p=2053"},"modified":"2025-12-02T17:02:49","modified_gmt":"2025-12-02T17:02:49","slug":"atelier-de-lecture-anime-par-monique-humbert-debut-27-janvier-2026","status":"publish","type":"product","link":"https:\/\/billetterie.apege.dev.sugaweb.com\/index.php\/produit\/atelier-de-lecture-anime-par-monique-humbert-debut-27-janvier-2026\/","title":{"rendered":"Atelier de lecture anim\u00e9 par Monique Humbert &#8211; D\u00e9but 27 janvier 2026"},"content":{"rendered":"<p>L\u2019APEGE a le plaisir de vous annoncer que Mme Monique Humbert va continuer \u00e0 animer l\u2019atelier de lecture. Lors de ces rencontres, vous aurez l\u2019occasion de discuter en petit groupe des livres que vous aurez choisis ensemble lors de la premi\u00e8re s\u00e9ance.<\/p>\n<p><strong>En pratique :<\/strong><\/p>\n<p>Dates des rencontres <strong>d\u00e9but le 27 janvier 2026<\/strong>, la suite est <strong>\u00e0 confirmer<\/strong><\/p>\n<p>Horaire : de 14h00 \u00e0 16h00<\/p>\n<p>Lieu : au Man\u00e8ge-en-Ville (4, rue Julienne-Piachaud, 1204 Gen\u00e8ve).<\/p>\n<p>Cet atelier est gratuit.<\/p>\n<p><strong>Le groupe sera id\u00e9alement compos\u00e9 de 8 \u00e0 10 participants. Il est tr\u00e8s important pour la mise en place de l\u2019atelier que les personnes qui s\u2019inscrivent soient pr\u00e9sentes aux deux premi\u00e8res s\u00e9ances.<\/strong><\/p>\n<p>L\u2019inscription se fait directement par le biais de notre site internet (<a href=\"https:\/\/apege.ch\">https:\/\/apege.ch<\/a>)<br \/>\nsous la rubrique \u00ab Culture et Loisirs \u00bb. Vous aurez un premier contact par t\u00e9l\u00e9phone<br \/>\navec la responsable de l\u2019animation avant votre participation \u00e0 l\u2019atelier.<br \/>\nEn cas de d\u00e9sistement nous vous prions de prendre contact directement avec la<br \/>\nreponsable de l\u2019atelier :<br \/>\nMadame M. Humbert<br \/>\n14, Avenue Dumas,<br \/>\n1206 Gen\u00e8ve \/ 022 789 37 78<br \/>\n<a href=\"mailto:schabert@bluewin.ch\">schabert@bluewin.ch<\/a><\/p>\n<p>En m\u2019inscrivant, je confirme avoir pris connaissance des conditions g\u00e9n\u00e9rales de participation et \u00eatre en accord avec celles-ci. (<a href=\"https:\/\/apege.ch\/\">www.apege.ch<\/a>)<\/p>\n<p>Pour imprimer cette activit\u00e9 : <a href=\"https:\/\/billetterie.apege.dev.sugaweb.com\/wp-content\/uploads\/2025\/11\/flyer-Atelier-lecture.pdf\">Cliquez ici<\/a>.<\/p>\n","protected":false},"excerpt":{"rendered":"<p>L\u2019APEGE a le plaisir de vous annoncer que Mme Monique Humbert va continuer \u00e0 animer l\u2019atelier de lecture. Lors de ces rencontres, vous aurez l\u2019occasion de discuter en petit groupe des livres que vous aurez choisis ensemble lors de la&hellip;<\/p>\n","protected":false},"featured_media":1478,"template":"","meta":[],"product_brand":[],"product_cat":[21],"product_tag":[],"class_list":{"0":"post-2053","1":"product","2":"type-product","3":"status-publish","4":"has-post-thumbnail","6":"product_cat-sorties-et-excursions","7":"product_shipping_class-gratuit","8":"entry","9":"has-media","11":"first","12":"instock","13":"shipping-taxable","14":"purchasable","15":"product-type-simple","16":"col","17":"wpex-woo-entry","18":"span_1_of_4"},"_links":{"self":[{"href":"https:\/\/billetterie.apege.dev.sugaweb.com\/index.php\/wp-json\/wp\/v2\/product\/2053","targetHints":{"allow":["GET"]}}],"collection":[{"href":"https:\/\/billetterie.apege.dev.sugaweb.com\/index.php\/wp-json\/wp\/v2\/product"}],"about":[{"href":"https:\/\/billetterie.apege.dev.sugaweb.com\/index.php\/wp-json\/wp\/v2\/types\/product"}],"wp:featuredmedia":[{"embeddable":true,"href":"https:\/\/billetterie.apege.dev.sugaweb.com\/index.php\/wp-json\/wp\/v2\/media\/1478"}],"wp:attachment":[{"href":"https:\/\/billetterie.apege.dev.sugaweb.com\/index.php\/wp-json\/wp\/v2\/media?parent=2053"}],"wp:term":[{"taxonomy":"product_brand","embeddable":true,"href":"https:\/\/billetterie.apege.dev.sugaweb.com\/index.php\/wp-json\/wp\/v2\/product_brand?post=2053"},{"taxonomy":"product_cat","embeddable":true,"href":"https:\/\/billetterie.apege.dev.sugaweb.com\/index.php\/wp-json\/wp\/v2\/product_cat?post=2053"},{"taxonomy":"product_tag","embeddable":true,"href":"https:\/\/billetterie.apege.dev.sugaweb.com\/index.php\/wp-json\/wp\/v2\/product_tag?post=2053"}],"curies":[{"name":"wp","href":"https:\/\/api.w.org\/{rel}","templated":true}]}}