{"id":2061,"date":"2025-11-24T09:10:51","date_gmt":"2025-11-24T09:10:51","guid":{"rendered":"https:\/\/billetterie.apege.dev.sugaweb.com\/?post_type=product&#038;p=2061"},"modified":"2025-12-02T17:06:07","modified_gmt":"2025-12-02T17:06:07","slug":"visite-guidee-de-la-collection-du-crest-et-du-domaine-suivi-dune-degustation-de-vins-mercredi-18-mars-2026-a-10-heures-pour-invite","status":"publish","type":"product","link":"https:\/\/billetterie.apege.dev.sugaweb.com\/index.php\/produit\/visite-guidee-de-la-collection-du-crest-et-du-domaine-suivi-dune-degustation-de-vins-mercredi-18-mars-2026-a-10-heures-pour-invite\/","title":{"rendered":"Visite guid\u00e9e de la Collection du Crest et du Domaine suivi d\u2019une d\u00e9gustation de vins &#8211; Mercredi 18 mars 2026 \u00e0 10 heures &#8211; Pour invit\u00e9"},"content":{"rendered":"<p>La Collection du Crest retrace l\u2019\u00e9volution de l\u2019\u00e9cole genevoise sur trois si\u00e8cles. Elle vous pr\u00e9sente l\u2019opportunit\u00e9 unique de d\u00e9couvrir le seul ensemble d\u2019\u0153uvres accessible au public et se donne pour mission de le faire (re)d\u00e9couvrir.<br \/>\nSitu\u00e9e dans une grange transform\u00e9e au c\u0153ur du domaine du Ch\u00e2teau du Crest entour\u00e9s de vignes, la collection s\u2019inscrit dans la tradition viticole et agricole du domaine.<\/p>\n<p><strong>Date :<\/strong> le 18 mars 2026<\/p>\n<p><strong>Heure et Lieu :<\/strong><\/p>\n<p>9h50 Rendez-vous au Ch\u00e2teau du Crest<\/p>\n<p>10h00 : d\u00e9but de la visite guid\u00e9e de la collection du Crest, des archives, de la cave \u00e0 Barriques et du Domaine env. 11h30 d\u00e9gustation de vins<br \/>\n12h30 : fin de la visite et retour libre.<\/p>\n<p><strong>Venue :<\/strong> Bus 32 des TPG depuis \u00ab Ch\u00eane-Bourg gare Tour \u00bb jusqu\u2019\u00e0 l\u2019arr\u00eat \u00ab Jussy-Ch\u00e2teau \u00bb ensuite 5 min. \u00e0 pied jusqu\u2019\u00e0 Crest ou en voiture priv\u00e9e<\/p>\n<p><strong>Dur\u00e9e :<\/strong> env. 2h30<\/p>\n<p><strong>Le nombre de participant.e.s :<\/strong>\u00a0 est limit\u00e9 \u00e0 25 personnes (y inclus 2 accompagnants)<\/p>\n<p><strong>Prix :<\/strong><\/p>\n<p>Membres APEGE frs 30.-<\/p>\n<p>Non-membres frs 40.-<\/p>\n<p>Ce prix comprend l\u2019entr\u00e9e, la visite comment\u00e9e et la d\u00e9gustation<\/p>\n<p><strong>Inscription et paiement :<\/strong><br \/>\nL\u2019inscription et le paiement par carte de cr\u00e9dit (Visa et MasterCard) se feront uniquement sur le site apege.ch\/culture (sous billetterie en ligne : activit\u00e9s et \u00e9v\u00e8nement).<br \/>\nLes inscriptions seront prises en compte par ordre d\u2019arriv\u00e9e et valid\u00e9es apr\u00e8s paiement par carte de cr\u00e9dit. Si la visite est compl\u00e8te, vous aurez la possibilit\u00e9 de vous faire mettre sur une liste d\u2019attente.<\/p>\n<p><strong>Date limite de l\u2019inscription : <\/strong>Mercredi 18 f\u00e9vrier 2026<\/p>\n<p>En cas d\u2019un d\u00e9sistement, veuillez envoyer un email \u00e0 <a href=\"mailto:inscription@apege.ch\">inscription@apege.ch<\/a> afin de permettre \u00e0 une personne en liste d\u2019attente de profiter de cette visite. Aucune demande de remboursement ne sera accept\u00e9e apr\u00e8s le 18 f\u00e9vrier 2026.<\/p>\n<p>&nbsp;<\/p>\n<p>&nbsp;<\/p>\n<p>En m\u2019inscrivant, je confirme avoir pris connaissance des conditions g\u00e9n\u00e9rales de participation et \u00eatre en accord avec celles-ci. (<a href=\"https:\/\/apege.ch\/\">www.apege.ch<\/a>)<\/p>\n<p>Pour imprimer cette activit\u00e9 : <a href=\"https:\/\/billetterie.apege.dev.sugaweb.com\/wp-content\/uploads\/2025\/11\/Flyer-Collection-du-Crest.pdf\">Cliquez ici<\/a>.<\/p>\n","protected":false},"excerpt":{"rendered":"<p>La Collection du Crest retrace l\u2019\u00e9volution de l\u2019\u00e9cole genevoise sur trois si\u00e8cles. Elle vous pr\u00e9sente l\u2019opportunit\u00e9 unique de d\u00e9couvrir le seul ensemble d\u2019\u0153uvres accessible au public et se donne pour mission de le faire (re)d\u00e9couvrir. Situ\u00e9e dans une grange transform\u00e9e&hellip;<\/p>\n","protected":false},"featured_media":2059,"template":"","meta":[],"product_brand":[],"product_cat":[21],"product_tag":[],"class_list":{"0":"post-2061","1":"product","2":"type-product","3":"status-publish","4":"has-post-thumbnail","6":"product_cat-sorties-et-excursions","7":"product_shipping_class-gratuit","8":"entry","9":"has-media","11":"first","12":"instock","13":"shipping-taxable","14":"purchasable","15":"product-type-simple","16":"col","17":"wpex-woo-entry","18":"span_1_of_4"},"_links":{"self":[{"href":"https:\/\/billetterie.apege.dev.sugaweb.com\/index.php\/wp-json\/wp\/v2\/product\/2061","targetHints":{"allow":["GET"]}}],"collection":[{"href":"https:\/\/billetterie.apege.dev.sugaweb.com\/index.php\/wp-json\/wp\/v2\/product"}],"about":[{"href":"https:\/\/billetterie.apege.dev.sugaweb.com\/index.php\/wp-json\/wp\/v2\/types\/product"}],"wp:featuredmedia":[{"embeddable":true,"href":"https:\/\/billetterie.apege.dev.sugaweb.com\/index.php\/wp-json\/wp\/v2\/media\/2059"}],"wp:attachment":[{"href":"https:\/\/billetterie.apege.dev.sugaweb.com\/index.php\/wp-json\/wp\/v2\/media?parent=2061"}],"wp:term":[{"taxonomy":"product_brand","embeddable":true,"href":"https:\/\/billetterie.apege.dev.sugaweb.com\/index.php\/wp-json\/wp\/v2\/product_brand?post=2061"},{"taxonomy":"product_cat","embeddable":true,"href":"https:\/\/billetterie.apege.dev.sugaweb.com\/index.php\/wp-json\/wp\/v2\/product_cat?post=2061"},{"taxonomy":"product_tag","embeddable":true,"href":"https:\/\/billetterie.apege.dev.sugaweb.com\/index.php\/wp-json\/wp\/v2\/product_tag?post=2061"}],"curies":[{"name":"wp","href":"https:\/\/api.w.org\/{rel}","templated":true}]}}