{"id":2066,"date":"2025-11-09T09:26:22","date_gmt":"2025-11-09T09:26:22","guid":{"rendered":"https:\/\/billetterie.apege.dev.sugaweb.com\/?post_type=product&#038;p=2066"},"modified":"2025-12-02T17:09:23","modified_gmt":"2025-12-02T17:09:23","slug":"visite-guidee-la-geneve-horlogere-le-5-mai-2026-a-9h50-pour-invite","status":"publish","type":"product","link":"https:\/\/billetterie.apege.dev.sugaweb.com\/index.php\/produit\/visite-guidee-la-geneve-horlogere-le-5-mai-2026-a-9h50-pour-invite\/","title":{"rendered":"Visite guid\u00e9e \u00ab La Gen\u00e8ve horlog\u00e8re \u00bb &#8211; Le 5 mai 2026 \u00e0 9h50 &#8211; Pour invit\u00e9"},"content":{"rendered":"<p>Cette sortie \u00e0 pied au c\u0153ur de la ville s\u2019adresse aux amateurs d\u2019horlogerie et d\u2019histoire. Vous d\u00e9couvrirez le tissu horloger de la ville, son d\u00e9veloppement de l\u2019artisanat \u00e0 l\u2019industrie, entendrez des anecdotes int\u00e9ressantes sur les m\u00e9tiers de l\u2019horlogerie, les b\u00e2timents ainsi que sur les d\u00e9cors urbains relatifs \u00e0 l\u2019horlogerie.<\/p>\n<p><strong>Date :<\/strong> le 5 mai 2026<\/p>\n<p><strong>Heure et lieu :\u00a0<\/strong><\/p>\n<p>09h50 rendez-vous au centre du Pont-de-la Machine<\/p>\n<p>10h00 d\u00e9but de la visite.<\/p>\n<p><strong>Dur\u00e9e<\/strong> <strong>: <\/strong><\/p>\n<p>90 \u00e0 120 min. Le parcours se r\u00e9alise \u00e0 pied avec des arr\u00eats au cours desquels le guide communique des informations tr\u00e8s pertinentes.<\/p>\n<p>La visite aura lieu par n\u2019importe quel temps (avoir un \u00e9quipement adapt\u00e9 \u00e0 la m\u00e9t\u00e9o).<\/p>\n<p><strong>Nombre de participants :<\/strong><br \/>\n15 personnes inclus accompagnateurs<\/p>\n<p><strong>Remarque :<\/strong> Cette visite n\u2019est malheureusement pas praticable par les personnes \u00e0 mobilit\u00e9 r\u00e9duite.<\/p>\n<p><strong>Prix :<\/strong><\/p>\n<p>Membre APEGE frs 20.00<\/p>\n<p>Non-membre frs 30.00<\/p>\n<p><strong>Inscription et paiement :<\/strong><br \/>\nL\u2019inscription et le paiement par carte de cr\u00e9dit (Visa ou MasterCard) se font uniquement sur le site <a href=\"https:\/\/apege.ch\/culture\/\">apege.ch\/culture<\/a> (sous billetterie en ligne : Activit\u00e9s et \u00e9v\u00e8nements).<br \/>\nLes inscriptions seront prises en compte par ordre d\u2019arriv\u00e9e et valid\u00e9es apr\u00e8s paiement par carte de cr\u00e9dit. Si la visite est compl\u00e8te, vous aurez la possibilit\u00e9 de vous faire mettre sur une liste d\u2019attente en envoyant un mail \u00e0 <a href=\"mailto:inscription@apege.ch\">inscription@apege.ch<\/a>.<\/p>\n<p><strong>Date limite d\u2019inscription :<\/strong> Vendredi 3 avril 2026<\/p>\n<p><strong>D\u00e9sistement :<\/strong><br \/>\nEn cas d\u2019un d\u00e9sistement, veuillez envoyer un email \u00e0 <a href=\"mailto:inscription@apege.ch\">inscription@apege.ch<\/a> afin de permettre \u00e0 une personne en liste d\u2019attente de profiter de cette visite.<br \/>\nAucune demande de remboursement ne sera accept\u00e9e apr\u00e8s le 3 avril.<\/p>\n<p>&nbsp;<\/p>\n<p>En m\u2019inscrivant, je confirme avoir pris connaissance des conditions g\u00e9n\u00e9rales de participation et \u00eatre en accord avec celles-ci. (<a href=\"https:\/\/apege.ch\/\">www.apege.ch<\/a>)<\/p>\n<p>Pour imprimer cette activit\u00e9 : <a href=\"https:\/\/billetterie.apege.dev.sugaweb.com\/wp-content\/uploads\/2025\/11\/flyer-Visite-horlogere-final.pdf\">Cliquez ici<\/a>.<\/p>\n","protected":false},"excerpt":{"rendered":"<p>Cette sortie \u00e0 pied au c\u0153ur de la ville s\u2019adresse aux amateurs d\u2019horlogerie et d\u2019histoire. Vous d\u00e9couvrirez le tissu horloger de la ville, son d\u00e9veloppement de l\u2019artisanat \u00e0 l\u2019industrie, entendrez des anecdotes int\u00e9ressantes sur les m\u00e9tiers de l\u2019horlogerie, les b\u00e2timents&hellip;<\/p>\n","protected":false},"featured_media":2063,"template":"","meta":[],"product_brand":[],"product_cat":[21],"product_tag":[],"class_list":{"0":"post-2066","1":"product","2":"type-product","3":"status-publish","4":"has-post-thumbnail","6":"product_cat-sorties-et-excursions","7":"product_shipping_class-gratuit","8":"entry","9":"has-media","11":"first","12":"outofstock","13":"shipping-taxable","14":"purchasable","15":"product-type-simple","16":"col","17":"wpex-woo-entry","18":"span_1_of_4"},"_links":{"self":[{"href":"https:\/\/billetterie.apege.dev.sugaweb.com\/index.php\/wp-json\/wp\/v2\/product\/2066","targetHints":{"allow":["GET"]}}],"collection":[{"href":"https:\/\/billetterie.apege.dev.sugaweb.com\/index.php\/wp-json\/wp\/v2\/product"}],"about":[{"href":"https:\/\/billetterie.apege.dev.sugaweb.com\/index.php\/wp-json\/wp\/v2\/types\/product"}],"wp:featuredmedia":[{"embeddable":true,"href":"https:\/\/billetterie.apege.dev.sugaweb.com\/index.php\/wp-json\/wp\/v2\/media\/2063"}],"wp:attachment":[{"href":"https:\/\/billetterie.apege.dev.sugaweb.com\/index.php\/wp-json\/wp\/v2\/media?parent=2066"}],"wp:term":[{"taxonomy":"product_brand","embeddable":true,"href":"https:\/\/billetterie.apege.dev.sugaweb.com\/index.php\/wp-json\/wp\/v2\/product_brand?post=2066"},{"taxonomy":"product_cat","embeddable":true,"href":"https:\/\/billetterie.apege.dev.sugaweb.com\/index.php\/wp-json\/wp\/v2\/product_cat?post=2066"},{"taxonomy":"product_tag","embeddable":true,"href":"https:\/\/billetterie.apege.dev.sugaweb.com\/index.php\/wp-json\/wp\/v2\/product_tag?post=2066"}],"curies":[{"name":"wp","href":"https:\/\/api.w.org\/{rel}","templated":true}]}}