{"id":2067,"date":"2025-11-01T09:27:43","date_gmt":"2025-11-01T09:27:43","guid":{"rendered":"https:\/\/billetterie.apege.dev.sugaweb.com\/?post_type=product&#038;p=2067"},"modified":"2025-12-02T17:13:18","modified_gmt":"2025-12-02T17:13:18","slug":"marche-dans-le-canton-de-geneve-printemps-2026","status":"publish","type":"product","link":"https:\/\/billetterie.apege.dev.sugaweb.com\/index.php\/produit\/marche-dans-le-canton-de-geneve-printemps-2026\/","title":{"rendered":"Marche dans le Canton de Gen\u00e8ve &#8211; Printemps 2026"},"content":{"rendered":"<p>Une \u00e9quipe de marcheurs a pr\u00e9par\u00e9 des sorties dans le canton de Gen\u00e8ve et environs qui sont ouvertes \u00e0 tous les membres. Ces sorties sont anim\u00e9es et encadr\u00e9es \u00e0 tour de r\u00f4le, et organis\u00e9es dans le cadre des activit\u00e9s de culture et loisirs de l\u2019APEGE. A noter que cette activit\u00e9 est gratuite et il y a parfois la possibilit\u00e9, \u00e0 vos frais, de terminer la marche en prenant ensemble un verre ou un repas dans un caf\u00e9 proche.<\/p>\n<p>Toutes les marches pr\u00e9vues, num\u00e9rot\u00e9es, font l\u2019objet de fiches de pr\u00e9sentation d\u00e9taill\u00e9es. Elles mentionnent les caract\u00e9ristiques propres \u00e0 chaque sortie : dur\u00e9e, difficult\u00e9, lieux travers\u00e9s, rendez-vous, acc\u00e8s, coordonn\u00e9es de l\u2019animateur-trice concern\u00e9-e, etc.<\/p>\n<p><strong>Si vous \u00eates int\u00e9ress\u00e9-e \u00e0 recevoir l\u2019information des marches pr\u00e9vues<\/strong>, envoyez un courriel \u00e0 <a href=\"mailto:secretariat@apege.ch\">secretariat@apege.ch<\/a>, et vous recevrez les fiches de pr\u00e9sentation d\u00e9taill\u00e9es.<\/p>\n<p><strong>Les membres d\u00e9j\u00e0 inscrit-es sur la liste des marcheurs<\/strong> recevront d\u2019office, un mois \u00e0 l\u2019avance, les fiches d\u00e9taill\u00e9es de pr\u00e9sentation des marches pour le mois qui suit.<br \/>\n<strong>Pas besoin donc de vous r\u00e9-inscrire \u00e0 chaque nouvelle p\u00e9riode.<\/strong><\/p>\n<p>&nbsp;<\/p>\n<p><strong>Programme :<\/strong><\/p>\n<p><strong>Jeudi 19 mars :<\/strong><\/p>\n<p>Promenade autour de la commune de Carouge<br \/>\nMatin Accompagnant : Yves Delieutraz<\/p>\n<p><strong>Mardi 21 avril :<\/strong><\/p>\n<p>Le long du Rh\u00f4ne, de la Jonction au Lignon et retour<br \/>\nApr\u00e8s-midi Accompagnant : Michel Vacheron<\/p>\n<p><strong>Lundi 11 mai :<\/strong><\/p>\n<p>Au Mont Mourex de Sauverny \u00e0 Divonne (en France)<br \/>\nMatin et apr\u00e8s-midi Accompagnant : Olivier Schaerrer<\/p>\n<p><strong>Jeudi 28 mai<\/strong> :<\/p>\n<p>A partir de la station sup\u00e9rieure du t\u00e9l\u00e9ph\u00e9rique, boucle sur le sommet du Sal\u00e8ve (en France)<br \/>\nApr\u00e8s-midi Accompagnant : Ricardo Stouvenel<\/p>\n<p><strong>Jeudi 18 juin<\/strong> <strong>:<\/strong><\/p>\n<p>De Corsier \u00e0 Hermance \u00e0 travers la campagne<br \/>\nApres-midi Accompagnant : Marc Imhof<\/p>\n<p><strong>Mardi 30 juin<\/strong> <strong>: <\/strong><\/p>\n<p>Le long du lac depuis Hermance (en France)<br \/>\nApr\u00e8s-midi Accompagnant : Olivier Schaerrer<\/p>\n<p>&nbsp;<\/p>\n<p>En m\u2019inscrivant, je confirme avoir pris connaissance des conditions g\u00e9n\u00e9rales de participation et \u00eatre en accord avec celles-ci. (<a href=\"https:\/\/apege.ch\/\">www.apege.ch<\/a>)<\/p>\n<p>Pour imprimer cette activit\u00e9 : <a href=\"https:\/\/billetterie.apege.dev.sugaweb.com\/wp-content\/uploads\/2025\/11\/flyer-marcheurs-PRINTEMPS-2026-1.pdf\">Cliquez ici<\/a>.<\/p>\n","protected":false},"excerpt":{"rendered":"<p>Une \u00e9quipe de marcheurs a pr\u00e9par\u00e9 des sorties dans le canton de Gen\u00e8ve et environs qui sont ouvertes \u00e0 tous les membres. Ces sorties sont anim\u00e9es et encadr\u00e9es \u00e0 tour de r\u00f4le, et organis\u00e9es dans le cadre des activit\u00e9s de&hellip;<\/p>\n","protected":false},"featured_media":2068,"template":"","meta":[],"product_brand":[],"product_cat":[21],"product_tag":[],"class_list":{"0":"post-2067","1":"product","2":"type-product","3":"status-publish","4":"has-post-thumbnail","6":"product_cat-sorties-et-excursions","7":"product_shipping_class-gratuit","8":"entry","9":"has-media","11":"first","12":"instock","13":"shipping-taxable","14":"purchasable","15":"product-type-simple","16":"col","17":"wpex-woo-entry","18":"span_1_of_4"},"_links":{"self":[{"href":"https:\/\/billetterie.apege.dev.sugaweb.com\/index.php\/wp-json\/wp\/v2\/product\/2067","targetHints":{"allow":["GET"]}}],"collection":[{"href":"https:\/\/billetterie.apege.dev.sugaweb.com\/index.php\/wp-json\/wp\/v2\/product"}],"about":[{"href":"https:\/\/billetterie.apege.dev.sugaweb.com\/index.php\/wp-json\/wp\/v2\/types\/product"}],"wp:featuredmedia":[{"embeddable":true,"href":"https:\/\/billetterie.apege.dev.sugaweb.com\/index.php\/wp-json\/wp\/v2\/media\/2068"}],"wp:attachment":[{"href":"https:\/\/billetterie.apege.dev.sugaweb.com\/index.php\/wp-json\/wp\/v2\/media?parent=2067"}],"wp:term":[{"taxonomy":"product_brand","embeddable":true,"href":"https:\/\/billetterie.apege.dev.sugaweb.com\/index.php\/wp-json\/wp\/v2\/product_brand?post=2067"},{"taxonomy":"product_cat","embeddable":true,"href":"https:\/\/billetterie.apege.dev.sugaweb.com\/index.php\/wp-json\/wp\/v2\/product_cat?post=2067"},{"taxonomy":"product_tag","embeddable":true,"href":"https:\/\/billetterie.apege.dev.sugaweb.com\/index.php\/wp-json\/wp\/v2\/product_tag?post=2067"}],"curies":[{"name":"wp","href":"https:\/\/api.w.org\/{rel}","templated":true}]}}