{"id":2080,"date":"2025-11-04T12:27:10","date_gmt":"2025-11-04T12:27:10","guid":{"rendered":"https:\/\/billetterie.apege.dev.sugaweb.com\/?post_type=product&#038;p=2080"},"modified":"2025-12-02T17:11:08","modified_gmt":"2025-12-02T17:11:08","slug":"une-visite-olfactive-du-centre-ville-de-geneve-le-9-juin-2026-a-14h30-pour-invite","status":"publish","type":"product","link":"https:\/\/billetterie.apege.dev.sugaweb.com\/index.php\/produit\/une-visite-olfactive-du-centre-ville-de-geneve-le-9-juin-2026-a-14h30-pour-invite\/","title":{"rendered":"Une visite olfactive du centre-ville de Gen\u00e8ve &#8211; Le 9 juin 2026 \u00e0 14h30 &#8211; Pour invit\u00e9"},"content":{"rendered":"<p>Madame Eileen Hofer, journaliste et historienne de l\u2019art, et guide certifi\u00e9e, vous propose une visite traditionnelle du centre-ville de Gen\u00e8ve, comme vous ne l\u2019avez jamais d\u00e9couvert !<br \/>\nDe la place Neuve \u00e0 Rive, en deux heures de marche \u00e0 travers le parc des Bastions, la vieille-ville et les rues basses, vous ferez plusieurs haltes pour sentir une odeur qui vous fera plonger dans une \u00e9poque et un lieu comment\u00e9s (la guide poss\u00e8de en effet une \u00ab odoroth\u00e8que \u00bb obtenue avec la complicit\u00e9 des parfumeurs de l\u2019entreprise Firmenich). A chaque \u00e9tape, vous aurez la surprise de d\u00e9couvrir et de mieux conna\u00eetre des histoires cach\u00e9es de la ville de Gen\u00e8ve. C\u2019est une exp\u00e9rience passionnante !<\/p>\n<p><strong>Date :<\/strong> le 9 juin 2026<\/p>\n<p><strong>Heure et Lieu :<\/strong><\/p>\n<p>14h15 : Rendez-vous \u00e0 la place de Neuve devant le Grand-Th\u00e9\u00e2tre<\/p>\n<p>14h30 : d\u00e9but de la visite<\/p>\n<p>16h30 : Fin de la visite dans les environs de Rive<\/p>\n<p><strong>Dur\u00e9e :<\/strong> 2 heures \u00e0 pied, avec des arr\u00eats au cours desquels la guide donne des informations tr\u00e8s pertinentes.<\/p>\n<p><strong>Nombre de participant.e.s :<\/strong> est limit\u00e9 \u00e0 19 personnes plus 1 accompagnant<\/p>\n<p><strong>Remarque :<\/strong> La visite aura lieu par n\u2019importe quel temps (avoir un \u00e9quipement adapt\u00e9 \u00e0 la m\u00e9t\u00e9o).<\/p>\n<p><strong>Prix : <\/strong><\/p>\n<p>Membres APEGE frs 20.00<\/p>\n<p>Non-membres frs 30.00<\/p>\n<p><strong>Inscription et paiement :<\/strong><\/p>\n<p>L\u2019inscription et le paiement par carte de cr\u00e9dit (Visa et MasterCard) se feront uniquement sur le site apege.ch\/culture (sous billetterie en ligne : activit\u00e9s et \u00e9v\u00e8nement).<\/p>\n<p>Les inscriptions seront prises en compte par ordre d\u2019arriv\u00e9e et confirm\u00e9es. Si la visite est compl\u00e8te, vous aurez la possibilit\u00e9 de vous faire mettre sur une liste d\u2019attente en envoyant un mail \u00e0 <a href=\"mailto:inscription@apege.ch\">inscription@apege.ch<\/a>.<\/p>\n<p><strong>Date limite de l\u2019inscription : <\/strong>28 janvier 2026<\/p>\n<p><strong>D\u00e9sistement :<\/strong> En cas d\u2019un d\u00e9sistement, veuillez envoyer un email \u00e0 <a href=\"mailto:inscription@apege.ch\">inscription@apege.ch<\/a> afin de permettre \u00e0 une personne en liste d\u2019attente de profiter de cette visite. Aucune demande de remboursement ne sera accept\u00e9e apr\u00e8s le 28 janvier 2026.<\/p>\n<p>En m\u2019inscrivant, je confirme avoir pris connaissance des conditions g\u00e9n\u00e9rales de participation et \u00eatre en accord avec celles-ci. (<a href=\"https:\/\/apege.ch\/\">www.apege.ch<\/a>)<\/p>\n<p>Pour imprimer cette activit\u00e9 : <a href=\"https:\/\/billetterie.apege.dev.sugaweb.com\/wp-content\/uploads\/2025\/11\/flyer-visite-olfactive-2026-1-fin-1.pdf\">Cliquez ici<\/a>.<\/p>\n","protected":false},"excerpt":{"rendered":"<p>Madame Eileen Hofer, journaliste et historienne de l\u2019art, et guide certifi\u00e9e, vous propose une visite traditionnelle du centre-ville de Gen\u00e8ve, comme vous ne l\u2019avez jamais d\u00e9couvert ! De la place Neuve \u00e0 Rive, en deux heures de marche \u00e0 travers&hellip;<\/p>\n","protected":false},"featured_media":2078,"template":"","meta":[],"product_brand":[],"product_cat":[21],"product_tag":[],"class_list":{"0":"post-2080","1":"product","2":"type-product","3":"status-publish","4":"has-post-thumbnail","6":"product_cat-sorties-et-excursions","7":"product_shipping_class-gratuit","8":"entry","9":"has-media","11":"first","12":"instock","13":"shipping-taxable","14":"purchasable","15":"product-type-simple","16":"col","17":"wpex-woo-entry","18":"span_1_of_4"},"_links":{"self":[{"href":"https:\/\/billetterie.apege.dev.sugaweb.com\/index.php\/wp-json\/wp\/v2\/product\/2080","targetHints":{"allow":["GET"]}}],"collection":[{"href":"https:\/\/billetterie.apege.dev.sugaweb.com\/index.php\/wp-json\/wp\/v2\/product"}],"about":[{"href":"https:\/\/billetterie.apege.dev.sugaweb.com\/index.php\/wp-json\/wp\/v2\/types\/product"}],"wp:featuredmedia":[{"embeddable":true,"href":"https:\/\/billetterie.apege.dev.sugaweb.com\/index.php\/wp-json\/wp\/v2\/media\/2078"}],"wp:attachment":[{"href":"https:\/\/billetterie.apege.dev.sugaweb.com\/index.php\/wp-json\/wp\/v2\/media?parent=2080"}],"wp:term":[{"taxonomy":"product_brand","embeddable":true,"href":"https:\/\/billetterie.apege.dev.sugaweb.com\/index.php\/wp-json\/wp\/v2\/product_brand?post=2080"},{"taxonomy":"product_cat","embeddable":true,"href":"https:\/\/billetterie.apege.dev.sugaweb.com\/index.php\/wp-json\/wp\/v2\/product_cat?post=2080"},{"taxonomy":"product_tag","embeddable":true,"href":"https:\/\/billetterie.apege.dev.sugaweb.com\/index.php\/wp-json\/wp\/v2\/product_tag?post=2080"}],"curies":[{"name":"wp","href":"https:\/\/api.w.org\/{rel}","templated":true}]}}