{"id":2085,"date":"2025-11-26T13:46:17","date_gmt":"2025-11-26T13:46:17","guid":{"rendered":"https:\/\/billetterie.apege.dev.sugaweb.com\/?post_type=product&#038;p=2085"},"modified":"2025-12-02T16:56:50","modified_gmt":"2025-12-02T16:56:50","slug":"concert-ensemble-batida-am-ang-klung-klang-4-heures-de-plongee-sonique-victoria-hall-10-mai-2026-a-17h00","status":"publish","type":"product","link":"https:\/\/billetterie.apege.dev.sugaweb.com\/index.php\/produit\/concert-ensemble-batida-am-ang-klung-klang-4-heures-de-plongee-sonique-victoria-hall-10-mai-2026-a-17h00\/","title":{"rendered":"Concert \u2013 ENSEMBLE BATIDA \u00ab Am Ang Klung Klang \u00bb 4 heures de plong\u00e9e sonique VICTORIA HALL \u2013 10 mai 2026 \u00e0 17h00"},"content":{"rendered":"<p>Commandes avant le 27 mars 2026<\/p>\n<p>Ce concert est class\u00e9s \u00ab Relax \u00bb. Cela signifie qu\u2019ils se d\u00e9rouleront dans un environnement d\u00e9tendu et bienveillant, avec un accueil adapt\u00e9. Ces concerts peuvent accueillir un public tr\u00e8s vari\u00e9 : personnes \u00e2g\u00e9es, personnes mal \u00e0 l&#8217;aise dans des lieux publics ferm\u00e9s\u2026. Les codes sont un peu plus souples : on peut par exemple parler, bouger ou exprimer ses \u00e9motions. Avant, pendant et apr\u00e8s le concert, une personne du Victoria Hall vous accueille et reste l\u00e0 si vous avez besoin d\u2019aide ou d\u2019informations ; elle peut aussi vous donner les horaires des bus et des trams des TPG, ou appeler un taxi.<\/p>\n<p>&nbsp;<\/p>\n<p><strong>Remarque importante concernant l\u2019envoi des billets<\/strong><\/p>\n<p class=\"p1\">Les billets de concert, spectacle et op\u00e9ra peuvent \u00eatre envoy\u00e9s en plusieurs fois car nous recevons ces billets \u2013 command\u00e9s aupr\u00e8s de la Ville de Gen\u00e8ve \u2013 quelques semaines avant chaque repr\u00e9sentation.<\/p>\n<p class=\"p1\">Les billets sont normalement envoy\u00e9s une \u00e0 deux semaines avant chaque repr\u00e9sentation, et ne sont ni repris ni \u00e9chang\u00e9s.<\/p>\n","protected":false},"excerpt":{"rendered":"<p>Commandes avant le 27 mars 2026 Ce concert est class\u00e9s \u00ab Relax \u00bb. Cela signifie qu\u2019ils se d\u00e9rouleront dans un environnement d\u00e9tendu et bienveillant, avec un accueil adapt\u00e9. Ces concerts peuvent accueillir un public tr\u00e8s vari\u00e9 : personnes \u00e2g\u00e9es, personnes&hellip;<\/p>\n","protected":false},"featured_media":126,"template":"","meta":[],"product_brand":[],"product_cat":[17],"product_tag":[],"class_list":{"0":"post-2085","1":"product","2":"type-product","3":"status-publish","4":"has-post-thumbnail","6":"product_cat-concerts-et-operas","7":"entry","8":"has-media","10":"first","11":"instock","12":"shipping-taxable","13":"purchasable","14":"product-type-simple","15":"col","16":"wpex-woo-entry","17":"span_1_of_4"},"_links":{"self":[{"href":"https:\/\/billetterie.apege.dev.sugaweb.com\/index.php\/wp-json\/wp\/v2\/product\/2085","targetHints":{"allow":["GET"]}}],"collection":[{"href":"https:\/\/billetterie.apege.dev.sugaweb.com\/index.php\/wp-json\/wp\/v2\/product"}],"about":[{"href":"https:\/\/billetterie.apege.dev.sugaweb.com\/index.php\/wp-json\/wp\/v2\/types\/product"}],"wp:featuredmedia":[{"embeddable":true,"href":"https:\/\/billetterie.apege.dev.sugaweb.com\/index.php\/wp-json\/wp\/v2\/media\/126"}],"wp:attachment":[{"href":"https:\/\/billetterie.apege.dev.sugaweb.com\/index.php\/wp-json\/wp\/v2\/media?parent=2085"}],"wp:term":[{"taxonomy":"product_brand","embeddable":true,"href":"https:\/\/billetterie.apege.dev.sugaweb.com\/index.php\/wp-json\/wp\/v2\/product_brand?post=2085"},{"taxonomy":"product_cat","embeddable":true,"href":"https:\/\/billetterie.apege.dev.sugaweb.com\/index.php\/wp-json\/wp\/v2\/product_cat?post=2085"},{"taxonomy":"product_tag","embeddable":true,"href":"https:\/\/billetterie.apege.dev.sugaweb.com\/index.php\/wp-json\/wp\/v2\/product_tag?post=2085"}],"curies":[{"name":"wp","href":"https:\/\/api.w.org\/{rel}","templated":true}]}}