{"id":2087,"date":"2025-11-28T14:07:19","date_gmt":"2025-11-28T14:07:19","guid":{"rendered":"https:\/\/billetterie.apege.dev.sugaweb.com\/?post_type=product&#038;p=2087"},"modified":"2026-01-06T21:26:36","modified_gmt":"2026-01-06T21:26:36","slug":"revue-et-non-corrigee-revue-politique-et-societale-samedi-28-fevrier-2026-a-14h30","status":"publish","type":"product","link":"https:\/\/billetterie.apege.dev.sugaweb.com\/index.php\/produit\/revue-et-non-corrigee-revue-politique-et-societale-samedi-28-fevrier-2026-a-14h30\/","title":{"rendered":"REVUE ET NON CORRIG\u00c9E Revue politique et soci\u00e9tale Samedi 28 f\u00e9vrier 2026 \u00e0 14h30"},"content":{"rendered":"<p>Compagnie : Association pour la cr\u00e9ation de Spectacles Originaux Genevois (ACSOG)<br \/>\nSamedi 28 f\u00e9vrier 2026 \u00e0 14h30<br \/>\nLieu : Th\u00e9\u00e2tre des Vieux Grenadiers, 92, rue de Carouge, 1205 Gen\u00e8ve<br \/>\nDur\u00e9e : 1h35 (avec entracte)<\/p>\n<p>La vie soci\u00e9tale genevoise pass\u00e9e \u00e0 la moulinette sous forme de sketchs et de chansons. 9e \u00e9dition aux Vieux-Grenadiers.<\/p>\n<p>&nbsp;<\/p>\n<p><strong>Remarque importante concernant l\u2019envoi des billets<\/strong><\/p>\n<p class=\"p1\">Les billets de concert, spectacle et op\u00e9ra peuvent \u00eatre envoy\u00e9s en plusieurs fois car nous recevons ces billets \u2013 command\u00e9s aupr\u00e8s de la Ville de Gen\u00e8ve \u2013 quelques semaines avant chaque repr\u00e9sentation.<\/p>\n<p class=\"p1\">Les billets sont normalement envoy\u00e9s une \u00e0 deux semaines avant chaque repr\u00e9sentation, et ne sont ni repris ni \u00e9chang\u00e9s.<\/p>\n","protected":false},"excerpt":{"rendered":"<p>Compagnie : Association pour la cr\u00e9ation de Spectacles Originaux Genevois (ACSOG) Samedi 28 f\u00e9vrier 2026 \u00e0 14h30 Lieu : Th\u00e9\u00e2tre des Vieux Grenadiers, 92, rue de Carouge, 1205 Gen\u00e8ve Dur\u00e9e : 1h35 (avec entracte) La vie soci\u00e9tale genevoise pass\u00e9e \u00e0&hellip;<\/p>\n","protected":false},"featured_media":724,"template":"","meta":[],"product_brand":[],"product_cat":[18],"product_tag":[],"class_list":{"0":"post-2087","1":"product","2":"type-product","3":"status-publish","4":"has-post-thumbnail","6":"product_cat-spectacles","7":"entry","8":"has-media","10":"first","11":"instock","12":"shipping-taxable","13":"purchasable","14":"product-type-simple","15":"col","16":"wpex-woo-entry","17":"span_1_of_4"},"_links":{"self":[{"href":"https:\/\/billetterie.apege.dev.sugaweb.com\/index.php\/wp-json\/wp\/v2\/product\/2087","targetHints":{"allow":["GET"]}}],"collection":[{"href":"https:\/\/billetterie.apege.dev.sugaweb.com\/index.php\/wp-json\/wp\/v2\/product"}],"about":[{"href":"https:\/\/billetterie.apege.dev.sugaweb.com\/index.php\/wp-json\/wp\/v2\/types\/product"}],"wp:featuredmedia":[{"embeddable":true,"href":"https:\/\/billetterie.apege.dev.sugaweb.com\/index.php\/wp-json\/wp\/v2\/media\/724"}],"wp:attachment":[{"href":"https:\/\/billetterie.apege.dev.sugaweb.com\/index.php\/wp-json\/wp\/v2\/media?parent=2087"}],"wp:term":[{"taxonomy":"product_brand","embeddable":true,"href":"https:\/\/billetterie.apege.dev.sugaweb.com\/index.php\/wp-json\/wp\/v2\/product_brand?post=2087"},{"taxonomy":"product_cat","embeddable":true,"href":"https:\/\/billetterie.apege.dev.sugaweb.com\/index.php\/wp-json\/wp\/v2\/product_cat?post=2087"},{"taxonomy":"product_tag","embeddable":true,"href":"https:\/\/billetterie.apege.dev.sugaweb.com\/index.php\/wp-json\/wp\/v2\/product_tag?post=2087"}],"curies":[{"name":"wp","href":"https:\/\/api.w.org\/{rel}","templated":true}]}}